{"id":11430,"date":"2025-06-16T21:22:50","date_gmt":"2025-06-16T21:22:50","guid":{"rendered":"https:\/\/petramarevilla.gr\/?page_id=11430"},"modified":"2025-06-16T21:25:24","modified_gmt":"2025-06-16T21:25:24","slug":"nea-styra-de","status":"publish","type":"page","link":"https:\/\/petramarevilla.gr\/index.php\/de\/nea-styra-de\/","title":{"rendered":"Nea Styra"},"content":{"rendered":"\t\t<div data-elementor-type=\"wp-page\" data-elementor-id=\"11430\" class=\"elementor elementor-11430\">\n\t\t\t\t\t\t\t\t\t<section class=\"wd-negative-gap elementor-section elementor-top-section elementor-element elementor-element-e6cf426 elementor-section-boxed elementor-section-height-default elementor-section-height-default wd-section-disabled\" data-id=\"e6cf426\" data-element_type=\"section\">\n\t\t\t\t\t\t<div class=\"elementor-container elementor-column-gap-default\">\n\t\t\t\t\t<div class=\"elementor-column elementor-col-100 elementor-top-column elementor-element elementor-element-b6234bc\" data-id=\"b6234bc\" data-element_type=\"column\">\n\t\t\t<div class=\"elementor-widget-wrap elementor-element-populated\">\n\t\t\t\t\t\t\t\t<div class=\"elementor-element elementor-element-36671f9 elementor-widget elementor-widget-slider_revolution\" data-id=\"36671f9\" data-element_type=\"widget\" data-widget_type=\"slider_revolution.default\">\n\t\t\t\t<div class=\"elementor-widget-container\">\n\t\t\t\n\t\t<div class=\"wp-block-themepunch-revslider\">\n\t\t\t<!-- START styra2 REVOLUTION SLIDER 6.6.3 --><p class=\"rs-p-wp-fix\"><\/p>\n\t\t\t<rs-module-wrap id=\"woodmart-demo-organic_wrapper\" data-source=\"gallery\" style=\"visibility:hidden;background:transparent;padding:0;margin:0px auto;margin-top:0;margin-bottom:0;\">\n\t\t\t\t<rs-module id=\"woodmart-demo-organic\" style=\"\" data-version=\"6.6.3\">\n\t\t\t\t\t<rs-slides style=\"overflow: hidden; position: absolute;\">\n\t\t\t\t\t\t<rs-slide style=\"position: absolute;\" data-key=\"rs-37\" data-title=\"Slide\" data-in=\"o:0;\" data-out=\"a:false;\">\n\t\t\t\t\t\t\t<img src=\"\/\/petramarevilla.gr\/wp-content\/plugins\/revslider\/public\/assets\/assets\/dummy.png\" alt=\"Slide\" title=\"Nea Styra\" class=\"rev-slidebg tp-rs-img rs-lazyload\" data-lazyload=\"\/\/petramarevilla.gr\/wp-content\/plugins\/revslider\/public\/assets\/assets\/transparent.png\" data-parallax=\"off\" data-no-retina>\n<!--\n\t\t\t\t\t\t\t--><rs-layer\n\t\t\t\t\t\t\t\tid=\"slider-5-slide-37-layer-6\" \n\t\t\t\t\t\t\t\tdata-type=\"image\"\n\t\t\t\t\t\t\t\tdata-rsp_ch=\"on\"\n\t\t\t\t\t\t\t\tdata-xy=\"xo:-93px,-43px,-32px,-19px;yo:-180px,-83px,-63px,-38px;\"\n\t\t\t\t\t\t\t\tdata-text=\"w:normal;s:20,9,6,4;l:0,11,8,6;\"\n\t\t\t\t\t\t\t\tdata-dim=\"w:2332px,1085px,824px,508px;h:901px,419px,318px,196px;\"\n\t\t\t\t\t\t\t\tdata-frame_999=\"o:0;st:w;\"\n\t\t\t\t\t\t\t\tstyle=\"z-index:5;\"\n\t\t\t\t\t\t\t><img src=\"\/\/petramarevilla.gr\/wp-content\/plugins\/revslider\/public\/assets\/assets\/dummy.png\" alt=\"\" class=\"tp-rs-img rs-lazyload\" width=\"2200\" height=\"850\" data-lazyload=\"\/\/petramarevilla.gr\/wp-content\/uploads\/2025\/06\/head02-res.jpg\" data-no-retina> \n\t\t\t\t\t\t\t<\/rs-layer><!--\n-->\t\t\t\t\t\t<\/rs-slide>\n\t\t\t\t\t<\/rs-slides>\n\t\t\t\t<\/rs-module>\n\t\t\t\t<script>\n\t\t\t\t\tsetREVStartSize({c: 'woodmart-demo-organic',rl:[1240,1024,778,480],el:[850,700,650,600],gw:[2200,1024,778,480],gh:[850,700,650,600],type:'standard',justify:'',layout:'fullwidth',mh:\"0\"});if (window.RS_MODULES!==undefined && window.RS_MODULES.modules!==undefined && window.RS_MODULES.modules[\"woodmartdemoorganic\"]!==undefined) {window.RS_MODULES.modules[\"woodmartdemoorganic\"].once = false;window.revapi5 = undefined;if (window.RS_MODULES.checkMinimal!==undefined) window.RS_MODULES.checkMinimal()}\n\t\t\t\t<\/script>\n\t\t\t<\/rs-module-wrap>\n\t\t\t<!-- END REVOLUTION SLIDER -->\n<\/div>\n\n\t\t\t\t<\/div>\n\t\t\t\t<\/div>\n\t\t\t\t\t<\/div>\n\t\t<\/div>\n\t\t\t\t\t\t\t<\/div>\n\t\t<\/section>\n\t\t\t\t<section class=\"wd-negative-gap elementor-section elementor-top-section elementor-element elementor-element-1a6f30f8 elementor-section-boxed elementor-section-height-default elementor-section-height-default wd-section-disabled\" data-id=\"1a6f30f8\" data-element_type=\"section\">\n\t\t\t\t\t\t<div class=\"elementor-container elementor-column-gap-extended\">\n\t\t\t\t\t<div class=\"elementor-column elementor-col-50 elementor-top-column elementor-element elementor-element-5a19e6bd\" data-id=\"5a19e6bd\" data-element_type=\"column\">\n\t\t\t<div class=\"elementor-widget-wrap elementor-element-populated\">\n\t\t\t\t\t\t\t\t<div class=\"elementor-element elementor-element-026da90 elementor-widget elementor-widget-wd_title\" data-id=\"026da90\" data-element_type=\"widget\" data-widget_type=\"wd_title.default\">\n\t\t\t\t<div class=\"elementor-widget-container\">\n\t\t\t\t\t\t<link rel=\"stylesheet\" id=\"wd-section-title-css\" href=\"https:\/\/petramarevilla.gr\/wp-content\/themes\/woodmart\/css\/parts\/el-section-title.min.css?ver=7.0.3\" type=\"text\/css\" media=\"all\" \/> \t\t\t\t\t<div class=\"title-wrapper set-mb-s reset-last-child wd-title-color-default wd-title-style-default wd-title-size-default text-center\">\n\n\t\t\t\n\t\t\t<div class=\"liner-continer\">\n\t\t\t\t<h4 class=\"woodmart-title-container title wd-fontsize-l\">Nea Styra<\/h4> \n\t\t\t\t\t\t\t<\/div>\n\n\t\t\t\t\t<\/div>\n\t\t\t\t<\/div>\n\t\t\t\t<\/div>\n\t\t\t\t<div class=\"elementor-element elementor-element-a0c949d elementor-widget elementor-widget-wd_text_block\" data-id=\"a0c949d\" data-element_type=\"widget\" data-widget_type=\"wd_text_block.default\">\n\t\t\t\t<div class=\"elementor-widget-container\">\n\t\t\t\t\t\t<link rel=\"stylesheet\" id=\"wd-text-block-css\" href=\"https:\/\/petramarevilla.gr\/wp-content\/themes\/woodmart\/css\/parts\/el-text-block.min.css?ver=7.0.3\" type=\"text\/css\" media=\"all\" \/> \t\t\t\t\t<div class=\"wd-text-block reset-last-child text-center\">\n\t\t\t\n\t\t\t<div class=\"wpb_text_column wpb_content_element vc_custom_1634476052867\"><p>Nea Styra, im Herzen von S\u00fcd-Evia, ist ein malerischer und lebhafter Badeort, nur 15 Gehminuten von der Petra Mare Villa entfernt <\/p><p>Der Flache, feinkiesige Sandstrand des Hafens bietet ideale Bedingungen f\u00fcr Familien und entspannte Badeerlebnisse mit Kaffee und erfrischenden Getr\u00e4nken in Strandbars und Tavernen am Meer.<\/p><p>Der Hafen verbindet Nea Styra, t\u00e4glich mit Agia Marina in Attika per F\u00e4hre\/Autof\u00e4hre und erm\u00f6glicht so einen bequemen Ausflug von Athen aus.<\/p><p>Als Tor zum Hinterland sind das Dorf Styra und das nahegelegene Drakospita mit seiner antiken, monumentalen Architektur interessant und lassen sich mit kurzen Ausfl\u00fcgen und Wanderungen kombinieren<\/p><\/div>\n\t\t\t\t\t<\/div>\n\t\t\t\t<\/div>\n\t\t\t\t<\/div>\n\t\t\t\t\t<\/div>\n\t\t<\/div>\n\t\t\t\t<div class=\"elementor-column elementor-col-50 elementor-top-column elementor-element elementor-element-34177f2a\" data-id=\"34177f2a\" data-element_type=\"column\">\n\t\t\t<div class=\"elementor-widget-wrap elementor-element-populated\">\n\t\t\t\t\t\t\t\t<div class=\"elementor-element elementor-element-9b16ccd elementor-widget elementor-widget-wd_title\" data-id=\"9b16ccd\" data-element_type=\"widget\" data-widget_type=\"wd_title.default\">\n\t\t\t\t<div class=\"elementor-widget-container\">\n\t\t\t\t\t<div class=\"title-wrapper set-mb-s reset-last-child wd-title-color-default wd-title-style-default wd-title-size-default text-center\">\n\n\t\t\t\n\t\t\t<div class=\"liner-continer\">\n\t\t\t\t<h4 class=\"woodmart-title-container title wd-fontsize-l\"><\/h4> \n\t\t\t\t\t\t\t<\/div>\n\n\t\t\t\t\t<\/div>\n\t\t\t\t<\/div>\n\t\t\t\t<\/div>\n\t\t\t\t<div class=\"elementor-element elementor-element-b1f2662 elementor-widget elementor-widget-wd_text_block\" data-id=\"b1f2662\" data-element_type=\"widget\" data-widget_type=\"wd_text_block.default\">\n\t\t\t\t<div class=\"elementor-widget-container\">\n\t\t\t\t\t<div class=\"wd-text-block reset-last-child text-center\">\n\t\t\t\n\t\t\t<p>Die Fu\u00dfg\u00e4ngerpromenade an der Strandpromenade ist voller Leben. Sie ist voller Caf\u00e9s, Fischtavernen und guter Restaurants f\u00fcr frische Fischmeze und traditioneller K\u00fcche \u2013 viele mit authentischem Charakter \u2013, die den Vorlieben von Besuchern jeden Alters gerecht werden, wie Tripadvisor feststellt.<\/p><p>Wenn es dunkel wird, entfaltet sich das Nachtleben in den Stra\u00dfen zwischen Caf\u00e9s und Bars in entspanntem, aber dennoch unterhaltsamem Ambiente. Wer es ruhiger mag, kann die nur wenige Kilometer entfernten Str\u00e4nde mit bezauberndem Wasser und felsigen Buchten aufsuchen \u2013 ideale Bedingungen zum Erkunden und Entspannen.<\/p><p>Nea Styra bietet sowohl in der Stadt als auch in der Umgebung organisierte Kaffee-, Essens- und Getr\u00e4nkeangebote. Insgesamt vereint Nea Styra auf charmante Weise Tradition und modernen Komfort und verbindet die Ruhe des Ortes mit M\u00f6glichkeiten zum Entspannen, f\u00fcr vergn\u00fcgliche N\u00e4chte und kleine Erkundungen \u2013 ideal f\u00fcr jeden Besuchertyp.<\/p>\n\t\t\t\t\t<\/div>\n\t\t\t\t<\/div>\n\t\t\t\t<\/div>\n\t\t\t\t\t<\/div>\n\t\t<\/div>\n\t\t\t\t\t\t\t<\/div>\n\t\t<\/section>\n\t\t\t\t\t\t\t<\/div>\n\t\t","protected":false},"excerpt":{"rendered":"<p>Nea Styra Nea Styra, im Herzen von S\u00fcd-Evia, ist ein malerischer und lebhafter Badeort, nur 15 Gehminuten von der Petra<\/p>\n","protected":false},"author":1,"featured_media":0,"parent":0,"menu_order":0,"comment_status":"closed","ping_status":"closed","template":"","meta":[],"_links":{"self":[{"href":"https:\/\/petramarevilla.gr\/index.php\/wp-json\/wp\/v2\/pages\/11430"}],"collection":[{"href":"https:\/\/petramarevilla.gr\/index.php\/wp-json\/wp\/v2\/pages"}],"about":[{"href":"https:\/\/petramarevilla.gr\/index.php\/wp-json\/wp\/v2\/types\/page"}],"author":[{"embeddable":true,"href":"https:\/\/petramarevilla.gr\/index.php\/wp-json\/wp\/v2\/users\/1"}],"replies":[{"embeddable":true,"href":"https:\/\/petramarevilla.gr\/index.php\/wp-json\/wp\/v2\/comments?post=11430"}],"version-history":[{"count":4,"href":"https:\/\/petramarevilla.gr\/index.php\/wp-json\/wp\/v2\/pages\/11430\/revisions"}],"predecessor-version":[{"id":11434,"href":"https:\/\/petramarevilla.gr\/index.php\/wp-json\/wp\/v2\/pages\/11430\/revisions\/11434"}],"wp:attachment":[{"href":"https:\/\/petramarevilla.gr\/index.php\/wp-json\/wp\/v2\/media?parent=11430"}],"curies":[{"name":"wp","href":"https:\/\/api.w.org\/{rel}","templated":true}]}}