{"id":11360,"date":"2025-06-16T11:38:13","date_gmt":"2025-06-16T11:38:13","guid":{"rendered":"https:\/\/petramarevilla.gr\/?page_id=11360"},"modified":"2025-06-16T21:03:49","modified_gmt":"2025-06-16T21:03:49","slug":"resort-de","status":"publish","type":"page","link":"https:\/\/petramarevilla.gr\/index.php\/de\/resort-de\/","title":{"rendered":"Wer sind wir"},"content":{"rendered":"\t\t<div data-elementor-type=\"wp-page\" data-elementor-id=\"11360\" class=\"elementor elementor-11360\">\n\t\t\t\t\t\t\t\t\t<section class=\"wd-negative-gap elementor-section elementor-top-section elementor-element elementor-element-de3021b elementor-section-boxed elementor-section-height-default elementor-section-height-default wd-section-disabled\" data-id=\"de3021b\" data-element_type=\"section\">\n\t\t\t\t\t\t<div class=\"elementor-container elementor-column-gap-default\">\n\t\t\t\t\t<div class=\"elementor-column elementor-col-100 elementor-top-column elementor-element elementor-element-798de0b\" data-id=\"798de0b\" data-element_type=\"column\">\n\t\t\t<div class=\"elementor-widget-wrap elementor-element-populated\">\n\t\t\t\t\t\t\t\t<div class=\"elementor-element elementor-element-ede6810 elementor-widget elementor-widget-wd_image_or_svg\" data-id=\"ede6810\" data-element_type=\"widget\" data-widget_type=\"wd_image_or_svg.default\">\n\t\t\t\t<div class=\"elementor-widget-container\">\n\t\t\t\n\t\t<div class=\"wd-image text-left\">\n\t\t\t\t\t\t\t\t<img width=\"2200\" height=\"850\" src=\"https:\/\/petramarevilla.gr\/wp-content\/uploads\/2025\/05\/head01-res.jpg\" class=\"attachment-full size-full\" alt=\"\" loading=\"lazy\" srcset=\"https:\/\/petramarevilla.gr\/wp-content\/uploads\/2025\/05\/head01-res.jpg 2200w, https:\/\/petramarevilla.gr\/wp-content\/uploads\/2025\/05\/head01-res-400x155.jpg 400w, https:\/\/petramarevilla.gr\/wp-content\/uploads\/2025\/05\/head01-res-1300x502.jpg 1300w, https:\/\/petramarevilla.gr\/wp-content\/uploads\/2025\/05\/head01-res-768x297.jpg 768w, https:\/\/petramarevilla.gr\/wp-content\/uploads\/2025\/05\/head01-res-1536x593.jpg 1536w, https:\/\/petramarevilla.gr\/wp-content\/uploads\/2025\/05\/head01-res-2048x791.jpg 2048w, https:\/\/petramarevilla.gr\/wp-content\/uploads\/2025\/05\/head01-res-1320x510.jpg 1320w\" sizes=\"(max-width: 2200px) 100vw, 2200px\" \/>\t\t\t\t\t<\/div>\n\n\t\t\t\t<\/div>\n\t\t\t\t<\/div>\n\t\t\t\t\t<\/div>\n\t\t<\/div>\n\t\t\t\t\t\t\t<\/div>\n\t\t<\/section>\n\t\t\t\t<section class=\"wd-negative-gap elementor-section elementor-top-section elementor-element elementor-element-1a6f30f8 elementor-section-boxed elementor-section-height-default elementor-section-height-default wd-section-disabled\" data-id=\"1a6f30f8\" data-element_type=\"section\">\n\t\t\t\t\t\t<div class=\"elementor-container elementor-column-gap-extended\">\n\t\t\t\t\t<div class=\"elementor-column elementor-col-50 elementor-top-column elementor-element elementor-element-5a19e6bd\" data-id=\"5a19e6bd\" data-element_type=\"column\">\n\t\t\t<div class=\"elementor-widget-wrap elementor-element-populated\">\n\t\t\t\t\t\t\t\t<div class=\"elementor-element elementor-element-b23698c elementor-widget elementor-widget-wd_image_or_svg\" data-id=\"b23698c\" data-element_type=\"widget\" data-widget_type=\"wd_image_or_svg.default\">\n\t\t\t\t<div class=\"elementor-widget-container\">\n\t\t\t\n\t\t<div class=\"wd-image text-right\">\n\t\t\t\t\t\t\t\t<img width=\"600\" height=\"800\" src=\"https:\/\/petramarevilla.gr\/wp-content\/uploads\/2025\/06\/v05-res-600x800.jpg\" class=\"attachment-large size-large\" alt=\"\" loading=\"lazy\" srcset=\"https:\/\/petramarevilla.gr\/wp-content\/uploads\/2025\/06\/v05-res-600x800.jpg 600w, https:\/\/petramarevilla.gr\/wp-content\/uploads\/2025\/06\/v05-res-225x300.jpg 225w, https:\/\/petramarevilla.gr\/wp-content\/uploads\/2025\/06\/v05-res-768x1024.jpg 768w, https:\/\/petramarevilla.gr\/wp-content\/uploads\/2025\/06\/v05-res.jpg 960w\" sizes=\"(max-width: 600px) 100vw, 600px\" \/>\t\t\t\t\t<\/div>\n\n\t\t\t\t<\/div>\n\t\t\t\t<\/div>\n\t\t\t\t\t<\/div>\n\t\t<\/div>\n\t\t\t\t<div class=\"elementor-column elementor-col-50 elementor-top-column elementor-element elementor-element-34177f2a\" data-id=\"34177f2a\" data-element_type=\"column\">\n\t\t\t<div class=\"elementor-widget-wrap elementor-element-populated\">\n\t\t\t\t\t\t\t\t<div class=\"elementor-element elementor-element-9b16ccd elementor-widget elementor-widget-wd_title\" data-id=\"9b16ccd\" data-element_type=\"widget\" data-widget_type=\"wd_title.default\">\n\t\t\t\t<div class=\"elementor-widget-container\">\n\t\t\t\t\t\t<link rel=\"stylesheet\" id=\"wd-section-title-css\" href=\"https:\/\/petramarevilla.gr\/wp-content\/themes\/woodmart\/css\/parts\/el-section-title.min.css?ver=7.0.3\" type=\"text\/css\" media=\"all\" \/> \t\t\t\t\t<div class=\"title-wrapper set-mb-s reset-last-child wd-title-color-default wd-title-style-default wd-title-size-default text-left\">\n\n\t\t\t\n\t\t\t<div class=\"liner-continer\">\n\t\t\t\t<h4 class=\"woodmart-title-container title wd-fontsize-l\">Wer sind wir <\/h4> \n\t\t\t\t\t\t\t<\/div>\n\n\t\t\t\t\t<\/div>\n\t\t\t\t<\/div>\n\t\t\t\t<\/div>\n\t\t\t\t<div class=\"elementor-element elementor-element-b1f2662 elementor-widget elementor-widget-wd_text_block\" data-id=\"b1f2662\" data-element_type=\"widget\" data-widget_type=\"wd_text_block.default\">\n\t\t\t\t<div class=\"elementor-widget-container\">\n\t\t\t\t\t\t<link rel=\"stylesheet\" id=\"wd-text-block-css\" href=\"https:\/\/petramarevilla.gr\/wp-content\/themes\/woodmart\/css\/parts\/el-text-block.min.css?ver=7.0.3\" type=\"text\/css\" media=\"all\" \/> \t\t\t\t\t<div class=\"wd-text-block reset-last-child text-left\">\n\t\t\t\n\t\t\t<p>Mit \u00fcber drei Jahrzehnten ununterbrochener Erfahrung im Tourismus und erfolgreichen Niederlassungen in Deutschland und Griechenland bringt Ihr Gastgeber fundiertes Wissen und wertvolle Erfahrung in der Hotellerie mit. Als einer der renommiertesten Reiseveranstalter der Branche hat er Tausenden von Besuchern aus ganz Europa unvergessliche Reiseerlebnisse beschert, stets gepr\u00e4gt von Qualit\u00e4t, Authentizit\u00e4t und pers\u00f6nlicher Betreuung.<\/p><p>Mit dieser Philosophie begr\u00fc\u00dfen wir Sie in der bezaubernden Villa PetraMare in Nea Stira auf Evia \u2013 dem ber\u00fchmten \u201eBalkon von Athen\u201c, nahe der Hauptstadt. Die Lage vereint absolute Ruhe und nat\u00fcrliche Sch\u00f6nheit mit guter Erreichbarkeit und ist somit die ideale Wahl f\u00fcr alle, die einen anspruchsvollen Urlaub in Stadtn\u00e4he und doch fernab vom Alltag suchen.<\/p><p>Die Villa PetraMare ist nicht nur eine Unterkunft, sondern ein Gastfreundschaftserlebnis, das jahrzehntelange Professionalit\u00e4t, Leidenschaft und pers\u00f6nliche Liebe zum Detail widerspiegelt. Hier wird jeder Gast als Freund und nicht nur als Kunde behandelt.<\/p>\n\t\t\t\t\t<\/div>\n\t\t\t\t<\/div>\n\t\t\t\t<\/div>\n\t\t\t\t\t<\/div>\n\t\t<\/div>\n\t\t\t\t\t\t\t<\/div>\n\t\t<\/section>\n\t\t\t\t\t\t\t<\/div>\n\t\t","protected":false},"excerpt":{"rendered":"<p>Wer sind wir Mit \u00fcber drei Jahrzehnten ununterbrochener Erfahrung im Tourismus und erfolgreichen Niederlassungen in Deutschland und Griechenland bringt Ihr<\/p>\n","protected":false},"author":1,"featured_media":0,"parent":0,"menu_order":0,"comment_status":"closed","ping_status":"closed","template":"","meta":[],"_links":{"self":[{"href":"https:\/\/petramarevilla.gr\/index.php\/wp-json\/wp\/v2\/pages\/11360"}],"collection":[{"href":"https:\/\/petramarevilla.gr\/index.php\/wp-json\/wp\/v2\/pages"}],"about":[{"href":"https:\/\/petramarevilla.gr\/index.php\/wp-json\/wp\/v2\/types\/page"}],"author":[{"embeddable":true,"href":"https:\/\/petramarevilla.gr\/index.php\/wp-json\/wp\/v2\/users\/1"}],"replies":[{"embeddable":true,"href":"https:\/\/petramarevilla.gr\/index.php\/wp-json\/wp\/v2\/comments?post=11360"}],"version-history":[{"count":12,"href":"https:\/\/petramarevilla.gr\/index.php\/wp-json\/wp\/v2\/pages\/11360\/revisions"}],"predecessor-version":[{"id":11397,"href":"https:\/\/petramarevilla.gr\/index.php\/wp-json\/wp\/v2\/pages\/11360\/revisions\/11397"}],"wp:attachment":[{"href":"https:\/\/petramarevilla.gr\/index.php\/wp-json\/wp\/v2\/media?parent=11360"}],"curies":[{"name":"wp","href":"https:\/\/api.w.org\/{rel}","templated":true}]}}